{"id":808,"date":"2026-02-05T15:13:37","date_gmt":"2026-02-05T12:13:37","guid":{"rendered":"https:\/\/mnmedicalinternational.com.tr\/hakkimizda\/"},"modified":"2026-03-04T11:22:27","modified_gmt":"2026-03-04T08:22:27","slug":"about-us","status":"publish","type":"page","link":"https:\/\/mnmedicalinternational.com.tr\/en\/about-us\/","title":{"rendered":"About us"},"content":{"rendered":"<h2>MN Medikal Hakk\u0131nda<\/h2>\n<p>Sa\u011fl\u0131k turizmi alan\u0131ndaki t\u00fcm olumlu f\u0131rsatlar\u0131 hasta ve yak\u0131nlar\u0131na vermek birinci hedefimizdir. Hastalara psikolojik destek vermenin \u00f6nemini g\u00f6z \u00f6n\u00fcnde bulundurarak hasta hizmetleri uzmanlar\u0131m\u0131z, terc\u00fcmanlar\u0131m\u0131z ve hasta dan\u0131\u015fma ekibimizle \u0130stanbul&#8217;da kald\u0131klar\u0131 s\u00fcre boyunca hastalar\u0131m\u0131z\u0131n ve refakat\u00e7ilerinin t\u00fcm ihtiya\u00e7lar\u0131n\u0131 kar\u015f\u0131l\u0131yoruz.<\/p>\n<h2><strong>Misyonumuz<\/strong><\/h2>\n<p>T\u00fcm sa\u011fl\u0131k hizmetlerini, t\u0131bbi etik ilkelerinden \u00f6d\u00fcn vermeden, teknolojinin en son imk\u00e2nlar\u0131, tan\u0131 ve tedavi metotlar\u0131n\u0131 kullanarak, \u00e7evreye duyarl\u0131, hasta haklar\u0131na sayg\u0131l\u0131, hasta ve \u00e7al\u0131\u015fan g\u00fcvenli\u011fini \u00f6n planda tutarak, hevesle ve \u00f6zveriyle sunmakt\u0131r.<\/p>\n<h2><strong>Vizyonumuz<\/strong><\/h2>\n<p>\u00dcniversite hastanesi olarak e\u011fitimi, bilimi ve ara\u015ft\u0131rmay\u0131 \u00f6nemseyen, bu do\u011frultuda s\u00fcrekli geli\u015fen ve \u00fcreten, \u00fclkemizde ve d\u00fcnya \u00e7ap\u0131nda sa\u011fl\u0131kta rol model olu\u015fturacak bir hastane olmak.<\/p>\n","protected":false},"excerpt":{"rendered":"<p>MN Medikal Hakk\u0131nda Sa\u011fl\u0131k turizmi alan\u0131ndaki t\u00fcm olumlu f\u0131rsatlar\u0131 hasta ve yak\u0131nlar\u0131na vermek birinci hedefimizdir. Hastalara psikolojik destek vermenin \u00f6nemini g\u00f6z \u00f6n\u00fcnde bulundurarak hasta hizmetleri uzmanlar\u0131m\u0131z, terc\u00fcmanlar\u0131m\u0131z ve hasta dan\u0131\u015fma ekibimizle \u0130stanbul&#8217;da kald\u0131klar\u0131 s\u00fcre boyunca hastalar\u0131m\u0131z\u0131n ve refakat\u00e7ilerinin t\u00fcm ihtiya\u00e7lar\u0131n\u0131 kar\u015f\u0131l\u0131yoruz. Misyonumuz T\u00fcm sa\u011fl\u0131k hizmetlerini, t\u0131bbi etik ilkelerinden \u00f6d\u00fcn vermeden, teknolojinin en son imk\u00e2nlar\u0131, tan\u0131 [&hellip;]<\/p>\n","protected":false},"author":1,"featured_media":1459,"parent":0,"menu_order":0,"comment_status":"closed","ping_status":"closed","template":"page-hakkimizda.php","meta":{"_acf_changed":false,"inline_featured_image":false,"footnotes":""},"class_list":["post-808","page","type-page","status-publish","has-post-thumbnail","hentry"],"acf":[],"_links":{"self":[{"href":"https:\/\/mnmedicalinternational.com.tr\/en\/wp-json\/wp\/v2\/pages\/808","targetHints":{"allow":["GET"]}}],"collection":[{"href":"https:\/\/mnmedicalinternational.com.tr\/en\/wp-json\/wp\/v2\/pages"}],"about":[{"href":"https:\/\/mnmedicalinternational.com.tr\/en\/wp-json\/wp\/v2\/types\/page"}],"author":[{"embeddable":true,"href":"https:\/\/mnmedicalinternational.com.tr\/en\/wp-json\/wp\/v2\/users\/1"}],"replies":[{"embeddable":true,"href":"https:\/\/mnmedicalinternational.com.tr\/en\/wp-json\/wp\/v2\/comments?post=808"}],"version-history":[{"count":2,"href":"https:\/\/mnmedicalinternational.com.tr\/en\/wp-json\/wp\/v2\/pages\/808\/revisions"}],"predecessor-version":[{"id":810,"href":"https:\/\/mnmedicalinternational.com.tr\/en\/wp-json\/wp\/v2\/pages\/808\/revisions\/810"}],"wp:featuredmedia":[{"embeddable":true,"href":"https:\/\/mnmedicalinternational.com.tr\/en\/wp-json\/wp\/v2\/media\/1459"}],"wp:attachment":[{"href":"https:\/\/mnmedicalinternational.com.tr\/en\/wp-json\/wp\/v2\/media?parent=808"}],"curies":[{"name":"wp","href":"https:\/\/api.w.org\/{rel}","templated":true}]}}