{"id":1122,"date":"2026-02-05T13:15:38","date_gmt":"2026-02-05T10:15:38","guid":{"rendered":"https:\/\/mnmedicalinternational.com.tr\/products-and-services\/medical-materials\/disposable-consumables\/"},"modified":"2026-02-10T15:41:48","modified_gmt":"2026-02-10T12:41:48","slug":"disposable-consumables","status":"publish","type":"page","link":"https:\/\/mnmedicalinternational.com.tr\/fr\/products-and-services\/medical-materials\/disposable-consumables\/","title":{"rendered":"Consommables jetables"},"content":{"rendered":"<p><strong>Consommables<\/strong>\u00a0; il trouve sa place dans presque tous les secteurs. Presque tous ne sont utilis\u00e9s qu&rsquo;une seule fois. Il convient de pr\u00e9ciser qu&rsquo;il s&rsquo;agit de mat\u00e9riaux interm\u00e9diaires utilis\u00e9s \u00e0 c\u00f4t\u00e9 du mat\u00e9riau principal. Il est n\u00e9cessaire en fonction de diff\u00e9rents objectifs tels que le transport, la protection et l&rsquo;utilisation conjointe\u00a0; consommables entendus; tout type auquel vous pouvez penser; Il rev\u00eat une importance vitale pour la continuit\u00e9 de l&rsquo;entreprise.<\/p>\n<p>Le prix des consommables est tr\u00e8s bas. Par cons\u00e9quent, son co\u00fbt n&rsquo;est pas pris en compte par les entreprises. Cependant, il est essentiel que les co\u00fbts des consommables soient bien ajust\u00e9s. Comme vous pouvez le constater, lorsque les\u00a0<strong>consommables<\/strong>\u00a0sont mentionn\u00e9s, des mat\u00e9riaux tels que du papier, des bo\u00eetes, du ruban adh\u00e9sif et des colis viennent \u00e0 l&rsquo;esprit. Cependant, il est sp\u00e9cifique au secteur de la sant\u00e9. Des consommables sont \u00e9galement disponibles.<\/p>\n<h3>Qu&rsquo;est-ce que les consommables jetables\u00a0?<\/h3>\n<p><strong>Les consommables jetables<\/strong>\u00a0comprennent les bonnets, les couvre-chaussures et les blouses comme vous pouvez l&rsquo;imaginer. Il est imp\u00e9ratif que ces types de produits soient utilis\u00e9s avec pr\u00e9caution, en particulier dans des lieux tels que les h\u00f4pitaux, qui sont d&rsquo;une importance vitale en termes d&rsquo;hygi\u00e8ne. L&rsquo;utilisation de bonnets, de couvre-chaussures et de blouses par d&rsquo;autres peut causer de grandes difficult\u00e9s. De plus, les sacs en PE utilis\u00e9s dans le transport des produits et certains d\u00e9sinfectants et produits de nettoyage qui doivent \u00eatre utilis\u00e9s pour les soins des mains et du visage trouvent \u00e9galement leur place dans cette cat\u00e9gorie.<\/p>\n<p><strong>Consommables jetables<\/strong>\u00a0; Il doit \u00eatre envoy\u00e9 parmi les produits qui doivent \u00eatre d\u00e9truits, en particulier apr\u00e8s avoir \u00e9t\u00e9 utilis\u00e9s dans des environnements tels que les h\u00f4pitaux. De plus, des tableaux didactiques sur l&rsquo;utilisation des consommables jetables doivent \u00eatre accroch\u00e9s \u00e0 certains endroits de l&rsquo;entreprise.<\/p>\n<figure><img decoding=\"async\" src=\"https:\/\/mnmedicalinternational.com.tr\/assets\/images\/hizmetler\/medikal-malzemeler\/tek-kullanimlik.jpg\" alt=\"\" \/><\/figure>\n","protected":false},"excerpt":{"rendered":"<p>Consommables\u00a0; il trouve sa place dans presque tous les secteurs. Presque tous ne sont utilis\u00e9s qu&rsquo;une seule fois. Il convient de pr\u00e9ciser qu&rsquo;il s&rsquo;agit de mat\u00e9riaux interm\u00e9diaires utilis\u00e9s \u00e0 c\u00f4t\u00e9 du mat\u00e9riau principal. Il est n\u00e9cessaire en fonction de diff\u00e9rents objectifs tels que le transport, la protection et l&rsquo;utilisation conjointe\u00a0; consommables entendus; tout type auquel [&hellip;]<\/p>\n","protected":false},"author":1,"featured_media":0,"parent":1112,"menu_order":0,"comment_status":"closed","ping_status":"closed","template":"page-urunler-detay.php","meta":{"_acf_changed":false,"inline_featured_image":false,"footnotes":""},"class_list":["post-1122","page","type-page","status-publish","hentry"],"acf":[],"_links":{"self":[{"href":"https:\/\/mnmedicalinternational.com.tr\/fr\/wp-json\/wp\/v2\/pages\/1122","targetHints":{"allow":["GET"]}}],"collection":[{"href":"https:\/\/mnmedicalinternational.com.tr\/fr\/wp-json\/wp\/v2\/pages"}],"about":[{"href":"https:\/\/mnmedicalinternational.com.tr\/fr\/wp-json\/wp\/v2\/types\/page"}],"author":[{"embeddable":true,"href":"https:\/\/mnmedicalinternational.com.tr\/fr\/wp-json\/wp\/v2\/users\/1"}],"replies":[{"embeddable":true,"href":"https:\/\/mnmedicalinternational.com.tr\/fr\/wp-json\/wp\/v2\/comments?post=1122"}],"version-history":[{"count":1,"href":"https:\/\/mnmedicalinternational.com.tr\/fr\/wp-json\/wp\/v2\/pages\/1122\/revisions"}],"predecessor-version":[{"id":1123,"href":"https:\/\/mnmedicalinternational.com.tr\/fr\/wp-json\/wp\/v2\/pages\/1122\/revisions\/1123"}],"up":[{"embeddable":true,"href":"https:\/\/mnmedicalinternational.com.tr\/fr\/wp-json\/wp\/v2\/pages\/1112"}],"wp:attachment":[{"href":"https:\/\/mnmedicalinternational.com.tr\/fr\/wp-json\/wp\/v2\/media?parent=1122"}],"curies":[{"name":"wp","href":"https:\/\/api.w.org\/{rel}","templated":true}]}}